{"id":600,"date":"2020-12-13T17:08:26","date_gmt":"2020-12-13T17:08:26","guid":{"rendered":"https:\/\/mjnet-solutions.de\/?page_id=600"},"modified":"2023-05-29T11:14:32","modified_gmt":"2023-05-29T11:14:32","slug":"uber-uns","status":"publish","type":"page","link":"https:\/\/kiemann.com\/?page_id=600","title":{"rendered":"\u00dcber uns"},"content":{"rendered":"\t\t<div data-elementor-type=\"wp-page\" data-elementor-id=\"600\" class=\"elementor elementor-600\">\n\t\t\t\t\t\t<section class=\"elementor-section elementor-top-section elementor-element elementor-element-1a60116 elementor-section-full_width elementor-section-height-min-height elementor-section-height-default elementor-section-items-middle\" data-id=\"1a60116\" data-element_type=\"section\" data-settings=\"{&quot;background_background&quot;:&quot;classic&quot;}\">\n\t\t\t\t\t\t\t<div class=\"elementor-background-overlay\"><\/div>\n\t\t\t\t\t\t\t<div class=\"elementor-container elementor-column-gap-default\">\n\t\t\t\t\t<div class=\"elementor-column elementor-col-100 elementor-top-column elementor-element elementor-element-38b453b\" data-id=\"38b453b\" data-element_type=\"column\">\n\t\t\t<div class=\"elementor-widget-wrap elementor-element-populated\">\n\t\t\t\t\t\t<section class=\"elementor-section elementor-inner-section elementor-element elementor-element-0daa785 elementor-section-boxed elementor-section-height-default elementor-section-height-default\" data-id=\"0daa785\" data-element_type=\"section\">\n\t\t\t\t\t\t<div class=\"elementor-container elementor-column-gap-no\">\n\t\t\t\t\t<div class=\"elementor-column elementor-col-100 elementor-inner-column elementor-element elementor-element-f56cbf8\" data-id=\"f56cbf8\" data-element_type=\"column\">\n\t\t\t<div class=\"elementor-widget-wrap elementor-element-populated\">\n\t\t\t\t\t\t<div class=\"elementor-element elementor-element-428f297 elementor-invisible elementor-widget elementor-widget-heading\" data-id=\"428f297\" data-element_type=\"widget\" data-settings=\"{&quot;_animation&quot;:&quot;fadeInDown&quot;}\" data-widget_type=\"heading.default\">\n\t\t\t\t<div class=\"elementor-widget-container\">\n\t\t\t<style>\/*! elementor - v3.23.0 - 05-08-2024 *\/\n.elementor-heading-title{padding:0;margin:0;line-height:1}.elementor-widget-heading .elementor-heading-title[class*=elementor-size-]>a{color:inherit;font-size:inherit;line-height:inherit}.elementor-widget-heading .elementor-heading-title.elementor-size-small{font-size:15px}.elementor-widget-heading .elementor-heading-title.elementor-size-medium{font-size:19px}.elementor-widget-heading .elementor-heading-title.elementor-size-large{font-size:29px}.elementor-widget-heading .elementor-heading-title.elementor-size-xl{font-size:39px}.elementor-widget-heading .elementor-heading-title.elementor-size-xxl{font-size:59px}<\/style><h6 class=\"elementor-heading-title elementor-size-default\">Klangwelten zum Leben erwecken<\/h6>\t\t<\/div>\n\t\t\t\t<\/div>\n\t\t\t\t<div class=\"elementor-element elementor-element-eb7e71a elementor-widget elementor-widget-menu-anchor\" data-id=\"eb7e71a\" data-element_type=\"widget\" data-widget_type=\"menu-anchor.default\">\n\t\t\t\t<div class=\"elementor-widget-container\">\n\t\t\t<style>\/*! elementor - v3.23.0 - 05-08-2024 *\/\nbody.elementor-page .elementor-widget-menu-anchor{margin-bottom:0}<\/style>\t\t<div class=\"elementor-menu-anchor\" id=\"ber-mich\"><\/div>\n\t\t\t\t<\/div>\n\t\t\t\t<\/div>\n\t\t\t\t\t<\/div>\n\t\t<\/div>\n\t\t\t\t\t<\/div>\n\t\t<\/section>\n\t\t\t\t\t<\/div>\n\t\t<\/div>\n\t\t\t\t\t<\/div>\n\t\t<\/section>\n\t\t\t\t<section class=\"elementor-section elementor-top-section elementor-element elementor-element-5116c87 elementor-section-boxed elementor-section-height-default elementor-section-height-default elementor-invisible\" data-id=\"5116c87\" data-element_type=\"section\" data-settings=\"{&quot;animation&quot;:&quot;zoomIn&quot;}\">\n\t\t\t\t\t\t<div class=\"elementor-container elementor-column-gap-default\">\n\t\t\t\t\t<div class=\"elementor-column elementor-col-100 elementor-top-column elementor-element elementor-element-e707458\" data-id=\"e707458\" data-element_type=\"column\">\n\t\t\t<div class=\"elementor-widget-wrap elementor-element-populated\">\n\t\t\t\t\t\t<div class=\"elementor-element elementor-element-38772b8 elementor-widget elementor-widget-spacer\" data-id=\"38772b8\" data-element_type=\"widget\" data-widget_type=\"spacer.default\">\n\t\t\t\t<div class=\"elementor-widget-container\">\n\t\t\t<style>\/*! elementor - v3.23.0 - 05-08-2024 *\/\n.elementor-column .elementor-spacer-inner{height:var(--spacer-size)}.e-con{--container-widget-width:100%}.e-con-inner>.elementor-widget-spacer,.e-con>.elementor-widget-spacer{width:var(--container-widget-width,var(--spacer-size));--align-self:var(--container-widget-align-self,initial);--flex-shrink:0}.e-con-inner>.elementor-widget-spacer>.elementor-widget-container,.e-con>.elementor-widget-spacer>.elementor-widget-container{height:100%;width:100%}.e-con-inner>.elementor-widget-spacer>.elementor-widget-container>.elementor-spacer,.e-con>.elementor-widget-spacer>.elementor-widget-container>.elementor-spacer{height:100%}.e-con-inner>.elementor-widget-spacer>.elementor-widget-container>.elementor-spacer>.elementor-spacer-inner,.e-con>.elementor-widget-spacer>.elementor-widget-container>.elementor-spacer>.elementor-spacer-inner{height:var(--container-widget-height,var(--spacer-size))}.e-con-inner>.elementor-widget-spacer.elementor-widget-empty,.e-con>.elementor-widget-spacer.elementor-widget-empty{position:relative;min-height:22px;min-width:22px}.e-con-inner>.elementor-widget-spacer.elementor-widget-empty .elementor-widget-empty-icon,.e-con>.elementor-widget-spacer.elementor-widget-empty .elementor-widget-empty-icon{position:absolute;top:0;bottom:0;left:0;right:0;margin:auto;padding:0;width:22px;height:22px}<\/style>\t\t<div class=\"elementor-spacer\">\n\t\t\t<div class=\"elementor-spacer-inner\"><\/div>\n\t\t<\/div>\n\t\t\t\t<\/div>\n\t\t\t\t<\/div>\n\t\t\t\t\t<\/div>\n\t\t<\/div>\n\t\t\t\t\t<\/div>\n\t\t<\/section>\n\t\t\t\t<section class=\"elementor-section elementor-top-section elementor-element elementor-element-bb69d23 elementor-section-boxed elementor-section-height-default elementor-section-height-default\" data-id=\"bb69d23\" data-element_type=\"section\">\n\t\t\t\t\t\t<div class=\"elementor-container elementor-column-gap-default\">\n\t\t\t\t\t<div class=\"elementor-column elementor-col-100 elementor-top-column elementor-element elementor-element-4c92a04\" data-id=\"4c92a04\" data-element_type=\"column\">\n\t\t\t<div class=\"elementor-widget-wrap elementor-element-populated\">\n\t\t\t\t\t\t<section class=\"elementor-section elementor-inner-section elementor-element elementor-element-c1b65e6 elementor-section-boxed elementor-section-height-default elementor-section-height-default elementor-invisible\" data-id=\"c1b65e6\" data-element_type=\"section\" data-settings=\"{&quot;animation&quot;:&quot;zoomIn&quot;}\">\n\t\t\t\t\t\t<div class=\"elementor-container elementor-column-gap-default\">\n\t\t\t\t\t<div class=\"elementor-column elementor-col-100 elementor-inner-column elementor-element elementor-element-bd64886\" data-id=\"bd64886\" data-element_type=\"column\">\n\t\t\t<div class=\"elementor-widget-wrap elementor-element-populated\">\n\t\t\t\t\t\t<div class=\"elementor-element elementor-element-15938cd elementor-widget elementor-widget-text-editor\" data-id=\"15938cd\" data-element_type=\"widget\" data-widget_type=\"text-editor.default\">\n\t\t\t\t<div class=\"elementor-widget-container\">\n\t\t\t<style>\/*! elementor - v3.23.0 - 05-08-2024 *\/\n.elementor-widget-text-editor.elementor-drop-cap-view-stacked .elementor-drop-cap{background-color:#69727d;color:#fff}.elementor-widget-text-editor.elementor-drop-cap-view-framed .elementor-drop-cap{color:#69727d;border:3px solid;background-color:transparent}.elementor-widget-text-editor:not(.elementor-drop-cap-view-default) .elementor-drop-cap{margin-top:8px}.elementor-widget-text-editor:not(.elementor-drop-cap-view-default) .elementor-drop-cap-letter{width:1em;height:1em}.elementor-widget-text-editor .elementor-drop-cap{float:left;text-align:center;line-height:1;font-size:50px}.elementor-widget-text-editor .elementor-drop-cap-letter{display:inline-block}<\/style>\t\t\t\t<p>Ich bin Tobias Kiemann, Inhaber von Audio Fachplanung Kiemann, und mein Team und ich sind Ihre erfahrenen Partner f\u00fcr erstklassige Licht- und Tontechnik. Mit unserer langj\u00e4hrigen Erfahrung und unserem umfangreichen Fachwissen sind wir darauf spezialisiert, einzigartige Events zu gestalten und Ihre Veranstaltungen auf ein neues Niveau zu heben.<\/p>\t\t\t\t\t\t<\/div>\n\t\t\t\t<\/div>\n\t\t\t\t\t<\/div>\n\t\t<\/div>\n\t\t\t\t\t<\/div>\n\t\t<\/section>\n\t\t\t\t<div class=\"elementor-element elementor-element-2931d64 elementor-widget elementor-widget-spacer\" data-id=\"2931d64\" data-element_type=\"widget\" data-widget_type=\"spacer.default\">\n\t\t\t\t<div class=\"elementor-widget-container\">\n\t\t\t\t\t<div class=\"elementor-spacer\">\n\t\t\t<div class=\"elementor-spacer-inner\"><\/div>\n\t\t<\/div>\n\t\t\t\t<\/div>\n\t\t\t\t<\/div>\n\t\t\t\t\t<\/div>\n\t\t<\/div>\n\t\t\t\t\t<\/div>\n\t\t<\/section>\n\t\t\t\t<section class=\"elementor-section elementor-top-section elementor-element elementor-element-819ca5a elementor-section-boxed elementor-section-height-default elementor-section-height-default\" data-id=\"819ca5a\" data-element_type=\"section\">\n\t\t\t\t\t\t<div class=\"elementor-container elementor-column-gap-default\">\n\t\t\t\t\t<div class=\"elementor-column elementor-col-100 elementor-top-column elementor-element elementor-element-4aa1e9a\" data-id=\"4aa1e9a\" data-element_type=\"column\">\n\t\t\t<div class=\"elementor-widget-wrap elementor-element-populated\">\n\t\t\t\t\t\t<div class=\"elementor-element elementor-element-c9537ab elementor-widget elementor-widget-text-editor\" data-id=\"c9537ab\" data-element_type=\"widget\" data-widget_type=\"text-editor.default\">\n\t\t\t\t<div class=\"elementor-widget-container\">\n\t\t\t\t\t\t\t<p>Erfahrung und Expertise<\/p><p>ImIch bringe eine Vielzahl von F\u00e4higkeiten und Kenntnissen in den Bereich der Veranstaltungstechnik ein. Meine Schwerpunkte liegen in der Projektierung komplexer Audio-Netzwerke mit IP-basierender Struktur und der Bedienung sowie Projektierung von Digitalpulten mit komplexen Szenen und Timecode Shows. Dar\u00fcber hinaus habe ich Erfahrungen in der Erstellung von Ausschreibungstexten und Leistungsverzeichnissen sowie im phasenkorrekten Einmessen von Audiosystemen mittels Smaart V.7.<\/p>\t\t\t\t\t\t<\/div>\n\t\t\t\t<\/div>\n\t\t\t\t\t<\/div>\n\t\t<\/div>\n\t\t\t\t\t<\/div>\n\t\t<\/section>\n\t\t\t\t<section class=\"elementor-section elementor-top-section elementor-element elementor-element-ae8d07d elementor-section-boxed elementor-section-height-default elementor-section-height-default\" data-id=\"ae8d07d\" data-element_type=\"section\">\n\t\t\t\t\t\t<div class=\"elementor-container elementor-column-gap-default\">\n\t\t\t\t\t<div class=\"elementor-column elementor-col-100 elementor-top-column elementor-element elementor-element-93a169a\" data-id=\"93a169a\" data-element_type=\"column\">\n\t\t\t<div class=\"elementor-widget-wrap elementor-element-populated\">\n\t\t\t\t\t\t<div class=\"elementor-element elementor-element-2a82d68 elementor-widget elementor-widget-text-editor\" data-id=\"2a82d68\" data-element_type=\"widget\" data-widget_type=\"text-editor.default\">\n\t\t\t\t<div class=\"elementor-widget-container\">\n\t\t\t\t\t\t\t<p>Zusammenarbeit mit renommierten K\u00fcnstlern und Unternehmen<\/p><p>Im Laufe meiner Karriere habe ich mit namhaften K\u00fcnstlern wie Die Fantastischen Vier zusammengearbeitet. Meine Referenzliste umfasst auch eine Vielzahl von Veranstaltungen, darunter Rock im Park und die einslive Krone. Diese Zusammenarbeit hat mein Vertrauen in meine F\u00e4higkeiten gest\u00e4rkt und zeigt, dass meine Expertise und mein Engagement f\u00fcr erstklassigen Sound von namhaften K\u00fcnstlern und Unternehmen anerkannt werden.<\/p><p>Schauen Sie auch gerne bei meinen Referenzen vorbei.<\/p>\t\t\t\t\t\t<\/div>\n\t\t\t\t<\/div>\n\t\t\t\t\t<\/div>\n\t\t<\/div>\n\t\t\t\t\t<\/div>\n\t\t<\/section>\n\t\t\t\t<section class=\"elementor-section elementor-top-section elementor-element elementor-element-85aa11d elementor-section-boxed elementor-section-height-default elementor-section-height-default\" data-id=\"85aa11d\" data-element_type=\"section\">\n\t\t\t\t\t\t<div class=\"elementor-container elementor-column-gap-default\">\n\t\t\t\t\t<div class=\"elementor-column elementor-col-100 elementor-top-column elementor-element elementor-element-3a6ad35\" data-id=\"3a6ad35\" data-element_type=\"column\">\n\t\t\t<div class=\"elementor-widget-wrap elementor-element-populated\">\n\t\t\t\t\t\t<div class=\"elementor-element elementor-element-21012f7 elementor-widget elementor-widget-text-editor\" data-id=\"21012f7\" data-element_type=\"widget\" data-widget_type=\"text-editor.default\">\n\t\t\t\t<div class=\"elementor-widget-container\">\n\t\t\t\t\t\t\t<p>Philosophie und Engagement<\/p><p>Meine Philosophie basiert auf dem Streben nach Perfektion und der Schaffung unvergesslicher Erlebnisse f\u00fcr meine Kunden. Ich glaube, dass hochwertiger Sound und beeindruckende Beleuchtung die Grundlage f\u00fcr den Erfolg einer Veranstaltung bilden. Mein Engagement liegt darin, die Erwartungen meiner Kunden zu \u00fcbertreffen und sicherzustellen, dass jede Veranstaltung reibungslos abl\u00e4uft. Ich setze auf offene Kommunikation, enge Zusammenarbeit und ma\u00dfgeschneiderte L\u00f6sungen, um die Vision meiner Kunden zum Leben zu erwecken.<\/p>\t\t\t\t\t\t<\/div>\n\t\t\t\t<\/div>\n\t\t\t\t\t<\/div>\n\t\t<\/div>\n\t\t\t\t\t<\/div>\n\t\t<\/section>\n\t\t\t\t<\/div>\n\t\t","protected":false},"excerpt":{"rendered":"<p>Klangwelten zum Leben erwecken Ich bin Tobias Kiemann, Inhaber von Audio Fachplanung Kiemann, und mein Team und ich sind Ihre erfahrenen Partner f\u00fcr erstklassige Licht- und Tontechnik. Mit unserer langj\u00e4hrigen Erfahrung und unserem umfangreichen Fachwissen sind wir darauf spezialisiert, einzigartige Events zu gestalten und Ihre Veranstaltungen auf ein neues Niveau &hellip;<\/p>\n","protected":false},"author":2,"featured_media":0,"parent":0,"menu_order":0,"comment_status":"closed","ping_status":"closed","template":"","meta":[],"yoast_head":"<!-- This site is optimized with the Yoast SEO plugin v21.8.1 - https:\/\/yoast.com\/wordpress\/plugins\/seo\/ -->\n<title>Audio Fachplanung Kiemann - \u00dcber uns<\/title>\n<meta name=\"description\" content=\"Willkommen bei Audio Fachplanung Kiemann - Ihrem erfahrenen Partner f\u00fcr erstklassige Licht- und Tontechnik. Mit langj\u00e4hriger Erfahrung und umfangreicher Expertise bieten wir ma\u00dfgeschneiderte L\u00f6sungen f\u00fcr komplexe Audio-Netzwerke, Digitalpulte, Delay Matrixen und mehr. Unsere Referenzen umfassen Zusammenarbeit mit renommierten K\u00fcnstlern, Veranstaltungen und Unternehmen. Erfahren Sie mehr \u00fcber unsere Philosophie und unser Engagement f\u00fcr erstklassigen Sound und reibungslose Veranstaltungen.\" \/>\n<meta name=\"robots\" content=\"index, follow, max-snippet:-1, max-image-preview:large, max-video-preview:-1\" \/>\n<link rel=\"canonical\" href=\"https:\/\/kiemann.com\/?page_id=600\" \/>\n<meta property=\"og:locale\" content=\"de_DE\" \/>\n<meta property=\"og:type\" content=\"article\" \/>\n<meta property=\"og:title\" content=\"Audio Fachplanung Kiemann - \u00dcber uns\" \/>\n<meta property=\"og:description\" content=\"Willkommen bei Audio Fachplanung Kiemann - Ihrem erfahrenen Partner f\u00fcr erstklassige Licht- und Tontechnik. Mit langj\u00e4hriger Erfahrung und umfangreicher Expertise bieten wir ma\u00dfgeschneiderte L\u00f6sungen f\u00fcr komplexe Audio-Netzwerke, Digitalpulte, Delay Matrixen und mehr. Unsere Referenzen umfassen Zusammenarbeit mit renommierten K\u00fcnstlern, Veranstaltungen und Unternehmen. Erfahren Sie mehr \u00fcber unsere Philosophie und unser Engagement f\u00fcr erstklassigen Sound und reibungslose Veranstaltungen.\" \/>\n<meta property=\"og:url\" content=\"https:\/\/kiemann.com\/?page_id=600\" \/>\n<meta property=\"og:site_name\" content=\"Audio Fachplanung Kiemann\" \/>\n<meta property=\"article:modified_time\" content=\"2023-05-29T11:14:32+00:00\" \/>\n<meta name=\"twitter:card\" content=\"summary_large_image\" \/>\n<meta name=\"twitter:label1\" content=\"Gesch\u00e4tzte Lesezeit\" \/>\n\t<meta name=\"twitter:data1\" content=\"2 Minuten\" \/>\n<script type=\"application\/ld+json\" class=\"yoast-schema-graph\">{\"@context\":\"https:\/\/schema.org\",\"@graph\":[{\"@type\":\"WebPage\",\"@id\":\"https:\/\/kiemann.com\/?page_id=600\",\"url\":\"https:\/\/kiemann.com\/?page_id=600\",\"name\":\"Audio Fachplanung Kiemann - \u00dcber uns\",\"isPartOf\":{\"@id\":\"https:\/\/kiemann.com\/#website\"},\"datePublished\":\"2020-12-13T17:08:26+00:00\",\"dateModified\":\"2023-05-29T11:14:32+00:00\",\"description\":\"Willkommen bei Audio Fachplanung Kiemann - Ihrem erfahrenen Partner f\u00fcr erstklassige Licht- und Tontechnik. Mit langj\u00e4hriger Erfahrung und umfangreicher Expertise bieten wir ma\u00dfgeschneiderte L\u00f6sungen f\u00fcr komplexe Audio-Netzwerke, Digitalpulte, Delay Matrixen und mehr. Unsere Referenzen umfassen Zusammenarbeit mit renommierten K\u00fcnstlern, Veranstaltungen und Unternehmen. Erfahren Sie mehr \u00fcber unsere Philosophie und unser Engagement f\u00fcr erstklassigen Sound und reibungslose Veranstaltungen.\",\"inLanguage\":\"de-DE\",\"potentialAction\":[{\"@type\":\"ReadAction\",\"target\":[\"https:\/\/kiemann.com\/?page_id=600\"]}]},{\"@type\":\"WebSite\",\"@id\":\"https:\/\/kiemann.com\/#website\",\"url\":\"https:\/\/kiemann.com\/\",\"name\":\"Audio Fachplanung Kiemann\",\"description\":\"Klangwelten zum Leben erwecken\",\"potentialAction\":[{\"@type\":\"SearchAction\",\"target\":{\"@type\":\"EntryPoint\",\"urlTemplate\":\"https:\/\/kiemann.com\/?s={search_term_string}\"},\"query-input\":\"required name=search_term_string\"}],\"inLanguage\":\"de-DE\"}]}<\/script>\n<!-- \/ Yoast SEO plugin. -->","yoast_head_json":{"title":"Audio Fachplanung Kiemann - \u00dcber uns","description":"Willkommen bei Audio Fachplanung Kiemann - Ihrem erfahrenen Partner f\u00fcr erstklassige Licht- und Tontechnik. Mit langj\u00e4hriger Erfahrung und umfangreicher Expertise bieten wir ma\u00dfgeschneiderte L\u00f6sungen f\u00fcr komplexe Audio-Netzwerke, Digitalpulte, Delay Matrixen und mehr. Unsere Referenzen umfassen Zusammenarbeit mit renommierten K\u00fcnstlern, Veranstaltungen und Unternehmen. Erfahren Sie mehr \u00fcber unsere Philosophie und unser Engagement f\u00fcr erstklassigen Sound und reibungslose Veranstaltungen.","robots":{"index":"index","follow":"follow","max-snippet":"max-snippet:-1","max-image-preview":"max-image-preview:large","max-video-preview":"max-video-preview:-1"},"canonical":"https:\/\/kiemann.com\/?page_id=600","og_locale":"de_DE","og_type":"article","og_title":"Audio Fachplanung Kiemann - \u00dcber uns","og_description":"Willkommen bei Audio Fachplanung Kiemann - Ihrem erfahrenen Partner f\u00fcr erstklassige Licht- und Tontechnik. Mit langj\u00e4hriger Erfahrung und umfangreicher Expertise bieten wir ma\u00dfgeschneiderte L\u00f6sungen f\u00fcr komplexe Audio-Netzwerke, Digitalpulte, Delay Matrixen und mehr. Unsere Referenzen umfassen Zusammenarbeit mit renommierten K\u00fcnstlern, Veranstaltungen und Unternehmen. Erfahren Sie mehr \u00fcber unsere Philosophie und unser Engagement f\u00fcr erstklassigen Sound und reibungslose Veranstaltungen.","og_url":"https:\/\/kiemann.com\/?page_id=600","og_site_name":"Audio Fachplanung Kiemann","article_modified_time":"2023-05-29T11:14:32+00:00","twitter_card":"summary_large_image","twitter_misc":{"Gesch\u00e4tzte Lesezeit":"2 Minuten"},"schema":{"@context":"https:\/\/schema.org","@graph":[{"@type":"WebPage","@id":"https:\/\/kiemann.com\/?page_id=600","url":"https:\/\/kiemann.com\/?page_id=600","name":"Audio Fachplanung Kiemann - \u00dcber uns","isPartOf":{"@id":"https:\/\/kiemann.com\/#website"},"datePublished":"2020-12-13T17:08:26+00:00","dateModified":"2023-05-29T11:14:32+00:00","description":"Willkommen bei Audio Fachplanung Kiemann - Ihrem erfahrenen Partner f\u00fcr erstklassige Licht- und Tontechnik. Mit langj\u00e4hriger Erfahrung und umfangreicher Expertise bieten wir ma\u00dfgeschneiderte L\u00f6sungen f\u00fcr komplexe Audio-Netzwerke, Digitalpulte, Delay Matrixen und mehr. Unsere Referenzen umfassen Zusammenarbeit mit renommierten K\u00fcnstlern, Veranstaltungen und Unternehmen. Erfahren Sie mehr \u00fcber unsere Philosophie und unser Engagement f\u00fcr erstklassigen Sound und reibungslose Veranstaltungen.","inLanguage":"de-DE","potentialAction":[{"@type":"ReadAction","target":["https:\/\/kiemann.com\/?page_id=600"]}]},{"@type":"WebSite","@id":"https:\/\/kiemann.com\/#website","url":"https:\/\/kiemann.com\/","name":"Audio Fachplanung Kiemann","description":"Klangwelten zum Leben erwecken","potentialAction":[{"@type":"SearchAction","target":{"@type":"EntryPoint","urlTemplate":"https:\/\/kiemann.com\/?s={search_term_string}"},"query-input":"required name=search_term_string"}],"inLanguage":"de-DE"}]}},"_links":{"self":[{"href":"https:\/\/kiemann.com\/index.php?rest_route=\/wp\/v2\/pages\/600"}],"collection":[{"href":"https:\/\/kiemann.com\/index.php?rest_route=\/wp\/v2\/pages"}],"about":[{"href":"https:\/\/kiemann.com\/index.php?rest_route=\/wp\/v2\/types\/page"}],"author":[{"embeddable":true,"href":"https:\/\/kiemann.com\/index.php?rest_route=\/wp\/v2\/users\/2"}],"replies":[{"embeddable":true,"href":"https:\/\/kiemann.com\/index.php?rest_route=%2Fwp%2Fv2%2Fcomments&post=600"}],"version-history":[{"count":13,"href":"https:\/\/kiemann.com\/index.php?rest_route=\/wp\/v2\/pages\/600\/revisions"}],"predecessor-version":[{"id":1015,"href":"https:\/\/kiemann.com\/index.php?rest_route=\/wp\/v2\/pages\/600\/revisions\/1015"}],"wp:attachment":[{"href":"https:\/\/kiemann.com\/index.php?rest_route=%2Fwp%2Fv2%2Fmedia&parent=600"}],"curies":[{"name":"wp","href":"https:\/\/api.w.org\/{rel}","templated":true}]}}